{"id":59,"date":"2023-02-01T11:17:03","date_gmt":"2023-02-01T10:17:03","guid":{"rendered":"https:\/\/dmlt.beisonja.de\/?page_id=59"},"modified":"2023-02-21T10:44:36","modified_gmt":"2023-02-21T09:44:36","slug":"impressum-2","status":"publish","type":"page","link":"https:\/\/dmlt.beisonja.de\/?page_id=59","title":{"rendered":"Impressum"},"content":{"rendered":"\t\t<div data-elementor-type=\"wp-page\" data-elementor-id=\"59\" class=\"elementor elementor-59\">\n\t\t\t\t\t\t<section class=\"elementor-section elementor-top-section elementor-element elementor-element-6e9a57b elementor-section-boxed elementor-section-height-default elementor-section-height-default\" data-id=\"6e9a57b\" data-element_type=\"section\">\n\t\t\t\t\t\t<div class=\"elementor-container elementor-column-gap-default\">\n\t\t\t\t\t<div class=\"elementor-column elementor-col-100 elementor-top-column elementor-element elementor-element-7f99f30\" data-id=\"7f99f30\" data-element_type=\"column\">\n\t\t\t<div class=\"elementor-widget-wrap elementor-element-populated\">\n\t\t\t\t\t\t<div class=\"elementor-element elementor-element-262783c elementor-widget elementor-widget-heading\" data-id=\"262783c\" data-element_type=\"widget\" data-widget_type=\"heading.default\">\n\t\t\t\t\t<h1 class=\"elementor-heading-title elementor-size-default\">Impressum<\/h1>\t\t\t\t<\/div>\n\t\t\t\t<div class=\"elementor-element elementor-element-59560b2 elementor-widget elementor-widget-text-editor\" data-id=\"59560b2\" data-element_type=\"widget\" data-widget_type=\"text-editor.default\">\n\t\t\t\t\t\t\t\t\t<p>Der &#8216;Digitale Mental Load Test&#8217; ist ein Projekt von klische*esc e.V.<\/p><p>klische*esc e.V.,<br \/>Gemeinn\u00fctziger Verein zur F\u00f6rderung von Wahlfreiheit jenseits limitierender Rollenklischees<br \/>1. Vorsitzende: Almut Schnerring<br \/>Gensemer Stra\u00dfe 24<br \/>53225 Bonn<br \/>Telefon: +49 228 71012001<br \/>Web: <a href=\"https:\/\/klischeesc.de\/\" target=\"_blank\" rel=\"noopener\">klischeesc.de<\/a><br \/>E-Mail: <a href=\"mailto:post@klischeesc.de\">post@klischeesc.de<\/a><\/p><p>Inhaltliche Verantwortung im Sinne \u00a755 Abs. 2 RStV und ViSdP:<br \/>Almut Schnerring und Sascha Verlan<\/p>\t\t\t\t\t\t\t\t<\/div>\n\t\t\t\t<div class=\"elementor-element elementor-element-bb795e6 elementor-widget elementor-widget-text-editor\" data-id=\"bb795e6\" data-element_type=\"widget\" data-widget_type=\"text-editor.default\">\n\t\t\t\t\t\t\t\t\t<h3 data-fontsize=\"28\" data-lineheight=\"42\">Haftungsausschluss<\/h3><p>Die Angaben auf diesen Seiten werden st\u00e4ndig aktualisiert. Trotzdem \u00fcbernehmen wir keine Haftung f\u00fcr Richtigkeit, Aktualit\u00e4t und Vollst\u00e4ndigkeit der Angaben.\u2028 Die ver\u00f6ffentlichten Links werden mit gr\u00f6\u00dftm\u00f6glicher Sorgfalt recherchiert und zusammengestellt. Die Autor*innen haben keinen Einfluss auf die aktuelle und zuk\u00fcnftige Gestaltung sowie die Inhalte der verlinkten Seiten und sind f\u00fcr den Inhalt der verlinkten Seiten nicht verantwortlich. Sie machen sich deren Inhalt nicht zu eigen. F\u00fcr illegale, fehlerhafte oder unvollst\u00e4ndige Inhalte, sowie f\u00fcr Sch\u00e4den, die durch die Nutzung oder Nichtnutzung der Informationen entstehen, haftet allein der Anbieter der Web-Site, auf die verwiesen wurde. Die Haftung desjenigen, der lediglich auf die Ver\u00f6ffentlichung durch einen Link hinweist, ist ausgeschlossen.<\/p><h3 data-fontsize=\"28\" data-lineheight=\"42\">Datenschutz<\/h3><p>Diese <a href=\"https:\/\/dmlt.beisonja.de\/datenschutzerklaerung\/\">Datenschutzerkl\u00e4rung<\/a> kl\u00e4rt \u00fcber die Art, den Zweck und den Umfang der Verwendung der Daten von Nutzer*innen und Besucher*innen dieser Seite durch den Verein klische*esc als datenschutzrechtlich verantwortliche Stelle auf.<\/p><p>klische*esc e.V.,<br \/>Gemeinn\u00fctziger Verein zur F\u00f6rderung von Wahlfreiheit jenseits limitierender Rollenklischees<br \/>1. Vorsitzende: Almut Schnerring<br \/><span style=\"background-color: rgba(255, 255, 255, 0); color: var(--body_typography-color); font-family: var(--body_typography-font-family); font-size: var(--body_typography-font-size); font-style: var(--body_typography-font-style,normal); font-weight: var(--body_typography-font-weight); letter-spacing: var(--body_typography-letter-spacing);\">Gensemer Stra\u00dfe 24, <\/span><span style=\"background-color: rgba(255, 255, 255, 0); color: var(--body_typography-color); font-family: var(--body_typography-font-family); font-size: var(--body_typography-font-size); font-style: var(--body_typography-font-style,normal); font-weight: var(--body_typography-font-weight); letter-spacing: var(--body_typography-letter-spacing);\">53225 Bonn<\/span><\/p><h5 data-fontsize=\"18\" data-lineheight=\"27\">Kontakt<\/h5><p>Bei Fragen zum Datenschutz erreichen Sie uns Dienstag: 15:00-18:00h, Mittwoch: 12:00-15:00h, Donnerstag: 9:00-12:00h unter Telefon: 0228-71012001 oder per E-Mail: <a href=\"mailto:post@equalcareday.de\">post@equalcareday.de<\/a>.<\/p>\t\t\t\t\t\t\t\t<\/div>\n\t\t\t\t\t<\/div>\n\t\t<\/div>\n\t\t\t\t\t<\/div>\n\t\t<\/section>\n\t\t\t\t<\/div>\n\t\t","protected":false},"excerpt":{"rendered":"<p>Impressum Der &#8216;Digitale Mental Load Test&#8217; ist ein Projekt von klische*esc e.V. klische*esc e.V.,Gemeinn\u00fctziger Verein zur F\u00f6rderung von Wahlfreiheit jenseits limitierender Rollenklischees1. Vorsitzende: Almut SchnerringGensemer Stra\u00dfe 2453225 BonnTelefon: +49 228 71012001Web: klischeesc.deE-Mail: post@klischeesc.de Inhaltliche Verantwortung im Sinne \u00a755 Abs. 2 RStV und ViSdP:Almut Schnerring und Sascha Verlan Haftungsausschluss Die Angaben auf diesen Seiten werden st\u00e4ndig&hellip;&nbsp;<a href=\"https:\/\/dmlt.beisonja.de\/?page_id=59\" rel=\"bookmark\">Weiterlesen &raquo;<span class=\"screen-reader-text\">Impressum<\/span><\/a><\/p>\n","protected":false},"author":2,"featured_media":0,"parent":0,"menu_order":0,"comment_status":"closed","ping_status":"closed","template":"page-templates\/template-pagebuilder-full-width.php","meta":{"neve_meta_sidebar":"","neve_meta_container":"","neve_meta_enable_content_width":"","neve_meta_content_width":0,"neve_meta_title_alignment":"","neve_meta_author_avatar":"","neve_post_elements_order":"","neve_meta_disable_header":"","neve_meta_disable_footer":"","neve_meta_disable_title":"","footnotes":""},"class_list":["post-59","page","type-page","status-publish","hentry"],"_links":{"self":[{"href":"https:\/\/dmlt.beisonja.de\/index.php?rest_route=\/wp\/v2\/pages\/59","targetHints":{"allow":["GET"]}}],"collection":[{"href":"https:\/\/dmlt.beisonja.de\/index.php?rest_route=\/wp\/v2\/pages"}],"about":[{"href":"https:\/\/dmlt.beisonja.de\/index.php?rest_route=\/wp\/v2\/types\/page"}],"author":[{"embeddable":true,"href":"https:\/\/dmlt.beisonja.de\/index.php?rest_route=\/wp\/v2\/users\/2"}],"replies":[{"embeddable":true,"href":"https:\/\/dmlt.beisonja.de\/index.php?rest_route=%2Fwp%2Fv2%2Fcomments&post=59"}],"version-history":[{"count":28,"href":"https:\/\/dmlt.beisonja.de\/index.php?rest_route=\/wp\/v2\/pages\/59\/revisions"}],"predecessor-version":[{"id":366,"href":"https:\/\/dmlt.beisonja.de\/index.php?rest_route=\/wp\/v2\/pages\/59\/revisions\/366"}],"wp:attachment":[{"href":"https:\/\/dmlt.beisonja.de\/index.php?rest_route=%2Fwp%2Fv2%2Fmedia&parent=59"}],"curies":[{"name":"wp","href":"https:\/\/api.w.org\/{rel}","templated":true}]}}