{"id":32,"date":"2023-02-01T10:57:21","date_gmt":"2023-02-01T09:57:21","guid":{"rendered":"https:\/\/dmlt.beisonja.de\/?page_id=32"},"modified":"2023-08-03T11:57:49","modified_gmt":"2023-08-03T09:57:49","slug":"spenden","status":"publish","type":"page","link":"https:\/\/dmlt.beisonja.de\/?page_id=32","title":{"rendered":"Spenden"},"content":{"rendered":"\t\t<div data-elementor-type=\"wp-page\" data-elementor-id=\"32\" class=\"elementor elementor-32\">\n\t\t\t\t\t\t<section class=\"elementor-section elementor-top-section elementor-element elementor-element-e54101a elementor-section-boxed elementor-section-height-default elementor-section-height-default\" data-id=\"e54101a\" data-element_type=\"section\">\n\t\t\t\t\t\t<div class=\"elementor-container elementor-column-gap-default\">\n\t\t\t\t\t<div class=\"elementor-column elementor-col-100 elementor-top-column elementor-element elementor-element-aa2d4fc\" data-id=\"aa2d4fc\" data-element_type=\"column\">\n\t\t\t<div class=\"elementor-widget-wrap elementor-element-populated\">\n\t\t\t\t\t\t<div class=\"elementor-element elementor-element-bececa2 elementor-widget elementor-widget-heading\" data-id=\"bececa2\" data-element_type=\"widget\" data-widget_type=\"heading.default\">\n\t\t\t\t\t<h1 class=\"elementor-heading-title elementor-size-default\">Unterst\u00fctzen<\/h1>\t\t\t\t<\/div>\n\t\t\t\t<div class=\"elementor-element elementor-element-ae564a2 elementor-widget elementor-widget-text-editor\" data-id=\"ae564a2\" data-element_type=\"widget\" data-widget_type=\"text-editor.default\">\n\t\t\t\t\t\t\t\t\t<p>Du m\u00f6chtest &#8220;<strong>Danke<\/strong>&#8221; sagen und unsere Arbeit unterst\u00fctzen?<\/p><p>Die <a href=\"https:\/\/equalcareday.de\/\" target=\"_blank\" rel=\"noopener\">Initiative Equal Care<\/a> finanziert sich durch <a href=\"https:\/\/equalcareday.de\/spenden\/\" target=\"_blank\" rel=\"noopener\">Spenden und F\u00f6rdermitgliedschaften<\/a> im Tr\u00e4gerverein <a href=\"https:\/\/klischeesc.de\/\" target=\"_blank\" rel=\"noopener\">klische*esc e. V.<\/a> und wir freuen uns \u00fcber jeden Beitrag, der unsere gemeinn\u00fctzige Arbeit erm\u00f6glicht:<\/p>\t\t\t\t\t\t\t\t<\/div>\n\t\t\t\t<div class=\"elementor-element elementor-element-ab40e44 center elementor-widget elementor-widget-html\" data-id=\"ab40e44\" data-element_type=\"widget\" data-widget_type=\"html.default\">\n\t\t\t\t\t<img decoding=\"async\" class=\"aligncenter\" src=\"https:\/\/www.paypalobjects.com\/webstatic\/de_DE\/i\/de-pp-logo-200px.png\" alt=\"PayPal Logo\" border=\"0\" \/>\n<p style=\"text-align: center;\"><!-- Begin PayPal Donations by https:\/\/www.tipsandtricks-hq.com\/paypal-donations-widgets-plugin -->\n\n<form action=\"https:\/\/www.paypal.com\/cgi-bin\/webscr\" method=\"post\" target=\"_blank\">\n    <div class=\"paypal-donations\">\n        <input type=\"hidden\" name=\"cmd\" value=\"_donations\" \/>\n        <input type=\"hidden\" name=\"bn\" value=\"TipsandTricks_SP\" \/>\n        <input type=\"hidden\" name=\"business\" value=\"kasse@klischeesc.de\" \/>\n        <input type=\"hidden\" name=\"rm\" value=\"0\" \/>\n        <input type=\"hidden\" name=\"currency_code\" value=\"EUR\" \/>\n        <input type=\"image\" style=\"cursor: pointer;\" src=\"https:\/\/www.paypalobjects.com\/de_DE\/DE\/i\/btn\/btn_donate_LG.gif\" name=\"submit\" alt=\"PayPal - The safer, easier way to pay online.\" \/>\n    <\/div>\n<\/form>\n<!-- End PayPal Donations -->\n<\/p>\t\t\t\t<\/div>\n\t\t\t\t<div class=\"elementor-element elementor-element-542930e elementor-widget elementor-widget-heading\" data-id=\"542930e\" data-element_type=\"widget\" data-widget_type=\"heading.default\">\n\t\t\t\t\t<h4 class=\"elementor-heading-title elementor-size-default\">Spendenkonto<\/h4>\t\t\t\t<\/div>\n\t\t\t\t<div class=\"elementor-element elementor-element-b4b7a57 elementor-widget elementor-widget-text-editor\" data-id=\"b4b7a57\" data-element_type=\"widget\" data-widget_type=\"text-editor.default\">\n\t\t\t\t\t\t\t\t\t<p>klische*esc e.V.<br \/>IBAN: DE 16 5003 1000 1058 8710 08<br \/>Triodos Bank, Frankfurt, BIC TRODDEF1<\/p>\t\t\t\t\t\t\t\t<\/div>\n\t\t\t\t\t<\/div>\n\t\t<\/div>\n\t\t\t\t\t<\/div>\n\t\t<\/section>\n\t\t\t\t<\/div>\n\t\t","protected":false},"excerpt":{"rendered":"<p>Unterst\u00fctzen Du m\u00f6chtest &#8220;Danke&#8221; sagen und unsere Arbeit unterst\u00fctzen? Die Initiative Equal Care finanziert sich durch Spenden und F\u00f6rdermitgliedschaften im Tr\u00e4gerverein klische*esc e. V. und wir freuen uns \u00fcber jeden Beitrag, der unsere gemeinn\u00fctzige Arbeit erm\u00f6glicht: Spendenkonto klische*esc e.V.IBAN: DE 16 5003 1000 1058 8710 08Triodos Bank, Frankfurt, BIC TRODDEF1<\/p>\n","protected":false},"author":2,"featured_media":0,"parent":0,"menu_order":0,"comment_status":"closed","ping_status":"closed","template":"page-templates\/template-pagebuilder-full-width.php","meta":{"neve_meta_sidebar":"","neve_meta_container":"","neve_meta_enable_content_width":"","neve_meta_content_width":0,"neve_meta_title_alignment":"","neve_meta_author_avatar":"","neve_post_elements_order":"","neve_meta_disable_header":"","neve_meta_disable_footer":"","neve_meta_disable_title":"","footnotes":""},"class_list":["post-32","page","type-page","status-publish","hentry"],"_links":{"self":[{"href":"https:\/\/dmlt.beisonja.de\/index.php?rest_route=\/wp\/v2\/pages\/32","targetHints":{"allow":["GET"]}}],"collection":[{"href":"https:\/\/dmlt.beisonja.de\/index.php?rest_route=\/wp\/v2\/pages"}],"about":[{"href":"https:\/\/dmlt.beisonja.de\/index.php?rest_route=\/wp\/v2\/types\/page"}],"author":[{"embeddable":true,"href":"https:\/\/dmlt.beisonja.de\/index.php?rest_route=\/wp\/v2\/users\/2"}],"replies":[{"embeddable":true,"href":"https:\/\/dmlt.beisonja.de\/index.php?rest_route=%2Fwp%2Fv2%2Fcomments&post=32"}],"version-history":[{"count":19,"href":"https:\/\/dmlt.beisonja.de\/index.php?rest_route=\/wp\/v2\/pages\/32\/revisions"}],"predecessor-version":[{"id":842,"href":"https:\/\/dmlt.beisonja.de\/index.php?rest_route=\/wp\/v2\/pages\/32\/revisions\/842"}],"wp:attachment":[{"href":"https:\/\/dmlt.beisonja.de\/index.php?rest_route=%2Fwp%2Fv2%2Fmedia&parent=32"}],"curies":[{"name":"wp","href":"https:\/\/api.w.org\/{rel}","templated":true}]}}