{"id":139,"date":"2023-02-01T14:25:53","date_gmt":"2023-02-01T13:25:53","guid":{"rendered":"https:\/\/dmlt.beisonja.de\/?page_id=139"},"modified":"2025-01-14T14:35:25","modified_gmt":"2025-01-14T13:35:25","slug":"at-home","status":"publish","type":"page","link":"https:\/\/dmlt.beisonja.de\/?page_id=139","title":{"rendered":"@home &#8211; DE"},"content":{"rendered":"\t\t<div data-elementor-type=\"wp-page\" data-elementor-id=\"139\" class=\"elementor elementor-139\">\n\t\t\t\t\t\t<section class=\"elementor-section elementor-top-section elementor-element elementor-element-5b51721 elementor-hidden-desktop elementor-hidden-tablet elementor-hidden-mobile elementor-section-boxed elementor-section-height-default elementor-section-height-default\" data-id=\"5b51721\" data-element_type=\"section\" id=\"dmlt_intro\">\n\t\t\t\t\t\t<div class=\"elementor-container elementor-column-gap-default\">\n\t\t\t\t\t<div class=\"elementor-column elementor-col-100 elementor-top-column elementor-element elementor-element-e320f9d\" data-id=\"e320f9d\" data-element_type=\"column\">\n\t\t\t<div class=\"elementor-widget-wrap elementor-element-populated\">\n\t\t\t\t\t\t<div class=\"elementor-element elementor-element-d7ad389 elementor-align-center elementor-widget elementor-widget-button\" data-id=\"d7ad389\" data-element_type=\"widget\" data-widget_type=\"button.default\">\n\t\t\t\t\t\t\t\t\t\t<a class=\"elementor-button elementor-button-link elementor-size-xl\" href=\"https:\/\/dmlt.beisonja.de\/at-home\/#start\">\n\t\t\t\t\t\t<span class=\"elementor-button-content-wrapper\">\n\t\t\t\t\t\t<span class=\"elementor-button-icon\">\n\t\t\t\t<svg aria-hidden=\"true\" class=\"e-font-icon-svg e-fas-arrow-down\" viewBox=\"0 0 448 512\" xmlns=\"http:\/\/www.w3.org\/2000\/svg\"><path d=\"M413.1 222.5l22.2 22.2c9.4 9.4 9.4 24.6 0 33.9L241 473c-9.4 9.4-24.6 9.4-33.9 0L12.7 278.6c-9.4-9.4-9.4-24.6 0-33.9l22.2-22.2c9.5-9.5 25-9.3 34.3.4L184 343.4V56c0-13.3 10.7-24 24-24h32c13.3 0 24 10.7 24 24v287.4l114.8-120.5c9.3-9.8 24.8-10 34.3-.4z\"><\/path><\/svg>\t\t\t<\/span>\n\t\t\t\t\t\t\t\t\t<span class=\"elementor-button-text\">Test sofort starten<\/span>\n\t\t\t\t\t<\/span>\n\t\t\t\t\t<\/a>\n\t\t\t\t\t\t\t\t<\/div>\n\t\t\t\t<div class=\"elementor-element elementor-element-ad812c6 elementor-widget elementor-widget-heading\" data-id=\"ad812c6\" data-element_type=\"widget\" data-widget_type=\"heading.default\">\n\t\t\t\t\t<h3 class=\"elementor-heading-title elementor-size-default\">Kurze Anleitung zum Mental Load-Test<\/h3>\t\t\t\t<\/div>\n\t\t\t\t<div class=\"elementor-element elementor-element-2ce5f26 elementor-widget elementor-widget-text-editor\" data-id=\"2ce5f26\" data-element_type=\"widget\" data-widget_type=\"text-editor.default\">\n\t\t\t\t\t\t\t\t\t<p>W\u00e4hle zun\u00e4chst die f\u00fcr deine Lebenssituation passenden Bereiche aus. Der erste Abschnitt ist f\u00fcr alle Paare und Sorgegemeinschaften, egal ob sie Kinder oder Angeh\u00f6rige mit Pflegebedarf haben oder nicht. Hast du Kinder, nimmst du den zweiten Abschnitt dazu. Wenn du dar\u00fcber hinaus Angeh\u00f6rige pflegst, w\u00e4hle bitte zus\u00e4tz\u00adlich den dritten Abschnitt aus.<\/p><p>Betrachte dann alle Aufgaben in der nachfolgenden Auflistung und setze hinter diejenigen, die du bei dir zuhause \u00fcberwiegend oder zu gleichen Teilen \u00fcbernimmst, ein Kreuzchen. Das zweite K\u00e4stchen daneben darfst du ankreuzen, wenn du an diese Aufgabe auch denkst, das hei\u00dft, wenn du die Mental Load f\u00fcr diese Aufgabe selbst tr\u00e4gst.<\/p>\t\t\t\t\t\t\t\t<\/div>\n\t\t\t\t<div class=\"elementor-element elementor-element-787ff20 elementor-widget elementor-widget-image\" data-id=\"787ff20\" data-element_type=\"widget\" data-widget_type=\"image.default\">\n\t\t\t\t\t\t\t\t\t\t\t\t\t\t\t<img fetchpriority=\"high\" decoding=\"async\" width=\"807\" height=\"271\" src=\"https:\/\/dmlt.beisonja.de\/wp-content\/uploads\/2023\/05\/dmlt-screenshot-DE.png\" class=\"attachment-full size-full wp-image-776\" alt=\"\" srcset=\"https:\/\/dmlt.beisonja.de\/wp-content\/uploads\/2023\/05\/dmlt-screenshot-DE.png 807w, https:\/\/dmlt.beisonja.de\/wp-content\/uploads\/2023\/05\/dmlt-screenshot-DE-300x101.png 300w, https:\/\/dmlt.beisonja.de\/wp-content\/uploads\/2023\/05\/dmlt-screenshot-DE-768x258.png 768w, https:\/\/dmlt.beisonja.de\/wp-content\/uploads\/2023\/05\/dmlt-screenshot-DE-228x77.png 228w\" sizes=\"(max-width: 807px) 100vw, 807px\" \/>\t\t\t\t\t\t\t\t\t\t\t\t\t\t\t<\/div>\n\t\t\t\t<div class=\"elementor-element elementor-element-f659bdb elementor-widget elementor-widget-text-editor\" data-id=\"f659bdb\" data-element_type=\"widget\" data-widget_type=\"text-editor.default\">\n\t\t\t\t\t\t\t\t\t<p>Bist du dir unsicher, ob du eine Aufgabe ankreuzen sollst, lass die Frage aus. Kommt eine Aufgabe bei euch nicht vor, w\u00e4hle die Antwortoption <em>kommt nicht vor<\/em>.<\/p><p>Das Ausf\u00fcllen des Tests dauert ungef\u00e4hr 15 Minuten.<\/p><p>Am Ende des Tests erh\u00e4ltst du eine Auswertung nach Punkten, die du dir per Mail zuschicken lassen kannst. Wenn dein*e Partner*in den Test ebenfalls macht, k\u00f6nnt ihr im Anschluss eure Ergebnisse vergleichen und dar\u00fcber ins Gespr\u00e4ch kommen.<\/p>\t\t\t\t\t\t\t\t<\/div>\n\t\t\t\t<div class=\"elementor-element elementor-element-569a607 elementor-widget elementor-widget-menu-anchor\" data-id=\"569a607\" data-element_type=\"widget\" data-widget_type=\"menu-anchor.default\">\n\t\t\t\t\t\t\t<div class=\"elementor-menu-anchor\" id=\"start\"><\/div>\n\t\t\t\t\t\t<\/div>\n\t\t\t\t\t<\/div>\n\t\t<\/div>\n\t\t\t\t\t<\/div>\n\t\t<\/section>\n\t\t\t\t<section class=\"elementor-section elementor-top-section elementor-element elementor-element-ffc4fd8 elementor-hidden-desktop elementor-hidden-tablet elementor-hidden-mobile elementor-section-boxed elementor-section-height-default elementor-section-height-default\" data-id=\"ffc4fd8\" data-element_type=\"section\" id=\"dmlt_shorty\">\n\t\t\t\t\t\t<div class=\"elementor-container elementor-column-gap-default\">\n\t\t\t\t\t<div class=\"elementor-column elementor-col-100 elementor-top-column elementor-element elementor-element-22a5328\" data-id=\"22a5328\" data-element_type=\"column\">\n\t\t\t<div class=\"elementor-widget-wrap elementor-element-populated\">\n\t\t\t\t\t\t<div class=\"elementor-element elementor-element-c180f21 elementor-widget elementor-widget-eael-adv-accordion\" data-id=\"c180f21\" data-element_type=\"widget\" data-widget_type=\"eael-adv-accordion.default\">\n\t\t\t\t\t        <div class=\"eael-adv-accordion\" id=\"eael-adv-accordion-c180f21\" data-scroll-on-click=\"no\" data-scroll-speed=\"300\" data-accordion-id=\"c180f21\" data-accordion-type=\"accordion\" data-toogle-speed=\"300\">\n    <div class=\"eael-accordion-list\">\n                <div id=\"kurzanleitung\" class=\"elementor-tab-title eael-accordion-header\" tabindex=\"0\" data-tab=\"1\" aria-controls=\"elementor-tab-content-2021\"><span class=\"eael-advanced-accordion-icon-closed\"><svg aria-hidden=\"true\" class=\"fa-accordion-icon e-font-icon-svg e-fas-plus\" viewBox=\"0 0 448 512\" xmlns=\"http:\/\/www.w3.org\/2000\/svg\"><path d=\"M416 208H272V64c0-17.67-14.33-32-32-32h-32c-17.67 0-32 14.33-32 32v144H32c-17.67 0-32 14.33-32 32v32c0 17.67 14.33 32 32 32h144v144c0 17.67 14.33 32 32 32h32c17.67 0 32-14.33 32-32V304h144c17.67 0 32-14.33 32-32v-32c0-17.67-14.33-32-32-32z\"><\/path><\/svg><\/span><span class=\"eael-advanced-accordion-icon-opened\"><svg aria-hidden=\"true\" class=\"fa-accordion-icon e-font-icon-svg e-fas-minus\" viewBox=\"0 0 448 512\" xmlns=\"http:\/\/www.w3.org\/2000\/svg\"><path d=\"M416 208H32c-17.67 0-32 14.33-32 32v32c0 17.67 14.33 32 32 32h384c17.67 0 32-14.33 32-32v-32c0-17.67-14.33-32-32-32z\"><\/path><\/svg><\/span><span class=\"eael-accordion-tab-title\">Kurzanleitung<\/span><\/div><div id=\"elementor-tab-content-2021\" class=\"eael-accordion-content clearfix\" data-tab=\"1\" aria-labelledby=\"kurzanleitung\">Kreuze an, was du bei dir zuhause \u00fcberwiegend oder mindestens zu gleichen Teilen \u00fcbernimmst: <em>&#8220;mache ich&#8221;<\/em>.\nKreuze an, woran \u00fcberwiegend\/mindestens zu gleichen Teilen du denkst: <em>&#8220;denke ich dran&#8221;<\/em>.\nBist du dir unsicher, ob du ankreuzen sollst, lass die Frage aus.\nKommt eine Aufgabe bei euch nicht vor, w\u00e4hle die Antwortoption <em>&#8220;kommt nicht vor&#8221;<\/em>.<\/div>\n                <\/div><\/div>\t\t\t\t<\/div>\n\t\t\t\t\t<\/div>\n\t\t<\/div>\n\t\t\t\t\t<\/div>\n\t\t<\/section>\n\t\t\t\t<section class=\"elementor-section elementor-top-section elementor-element elementor-element-51e5e3f elementor-section-boxed elementor-section-height-default elementor-section-height-default\" data-id=\"51e5e3f\" data-element_type=\"section\">\n\t\t\t\t\t\t<div class=\"elementor-container elementor-column-gap-default\">\n\t\t\t\t\t<div class=\"elementor-column elementor-col-100 elementor-top-column elementor-element elementor-element-42e4883\" data-id=\"42e4883\" data-element_type=\"column\">\n\t\t\t<div class=\"elementor-widget-wrap elementor-element-populated\">\n\t\t\t\t\t\t<div class=\"elementor-element elementor-element-892ca33 elementor-widget elementor-widget-shortcode\" data-id=\"892ca33\" data-element_type=\"widget\" data-widget_type=\"shortcode.default\">\n\t\t\t\t\t\t\t<div class=\"elementor-shortcode\"><div id=\"wtpuc-user-choice\" class=\"wtpuc-user-choice\">\n\t<form method=\"post\" action=\"\" onsubmit=\"return wtpucValidate(2, '', '');\">\n\t\t<h3>Select the applicable areas<\/h3>\n\t\t\t\t\t<table class=\"wtpuc-questions-table\">\n\t\t\t\t<tr><td><input type=\"checkbox\" name=\"sel_cats[]\" class=\"wtpuc-qids-2\" value=\"1\"><\/td>\n\t\t\t\t\t\t<td>Alle Sorgegemeinschaften, z.B. Paare<\/td><\/tr>\n\t\t\t<\/table>\n\t\t\t\t\t<table class=\"wtpuc-questions-table\">\n\t\t\t\t<tr><td><input type=\"checkbox\" name=\"sel_cats[]\" class=\"wtpuc-qids-2\" value=\"13\"><\/td>\n\t\t\t\t\t\t<td>... mit Kindern<\/td><\/tr>\n\t\t\t<\/table>\n\t\t\t\t\t<table class=\"wtpuc-questions-table\">\n\t\t\t\t<tr><td><input type=\"checkbox\" name=\"sel_cats[]\" class=\"wtpuc-qids-2\" value=\"14\"><\/td>\n\t\t\t\t\t\t<td>... mit zu pflegenden Angeh\u00f6rigen<\/td><\/tr>\n\t\t\t<\/table>\n\t\t\t\t\n\t\t<p><input type=\"submit\" name=\"wtpuc_ok\" value=\"Start Test!\"><\/p>\n\t\t<input type=\"hidden\" name=\"mode\" value=\"parent_categories\" id=\"wtpucMode2\">\n\t<\/form>\n<\/div><\/div>\n\t\t\t\t\t\t<\/div>\n\t\t\t\t\t<\/div>\n\t\t<\/div>\n\t\t\t\t\t<\/div>\n\t\t<\/section>\n\t\t\t\t<section class=\"elementor-section elementor-top-section elementor-element elementor-element-e6cc7f2 elementor-section-boxed elementor-section-height-default elementor-section-height-default\" data-id=\"e6cc7f2\" data-element_type=\"section\">\n\t\t\t\t\t\t<div class=\"elementor-container elementor-column-gap-default\">\n\t\t\t\t\t<div class=\"elementor-column elementor-col-100 elementor-top-column elementor-element elementor-element-6584331\" data-id=\"6584331\" data-element_type=\"column\">\n\t\t\t<div class=\"elementor-widget-wrap elementor-element-populated\">\n\t\t\t\t\t\t<div class=\"elementor-element elementor-element-bfa64cd center elementor-widget__width-auto elementor-widget elementor-widget-shortcode\" data-id=\"bfa64cd\" data-element_type=\"widget\" data-widget_type=\"shortcode.default\">\n\t\t\t\t\t\t\t<div class=\"elementor-shortcode\"><input type=\"button\" id=\"wtp_retake\" value=\"Restart Mental Load Test\"  data-return-url=\"https:\/\/dmlt.beisonja.de\/at-home\/\" ><\/div>\n\t\t\t\t\t\t<\/div>\n\t\t\t\t\t<\/div>\n\t\t<\/div>\n\t\t\t\t\t<\/div>\n\t\t<\/section>\n\t\t\t\t<section class=\"elementor-section elementor-top-section elementor-element elementor-element-a5a6482 elementor-section-boxed elementor-section-height-default elementor-section-height-default\" data-id=\"a5a6482\" data-element_type=\"section\">\n\t\t\t\t\t\t<div class=\"elementor-container elementor-column-gap-default\">\n\t\t\t\t\t<div class=\"elementor-column elementor-col-50 elementor-top-column elementor-element elementor-element-a558e9f\" data-id=\"a558e9f\" data-element_type=\"column\">\n\t\t\t<div class=\"elementor-widget-wrap elementor-element-populated\">\n\t\t\t\t\t\t<div class=\"elementor-element elementor-element-3996121 elementor-widget elementor-widget-heading\" data-id=\"3996121\" data-element_type=\"widget\" data-widget_type=\"heading.default\">\n\t\t\t\t\t<h4 class=\"elementor-heading-title elementor-size-default\">Hinweis<\/h4>\t\t\t\t<\/div>\n\t\t\t\t\t<\/div>\n\t\t<\/div>\n\t\t\t\t<div class=\"elementor-column elementor-col-50 elementor-top-column elementor-element elementor-element-5042cc5\" data-id=\"5042cc5\" data-element_type=\"column\">\n\t\t\t<div class=\"elementor-widget-wrap elementor-element-populated\">\n\t\t\t\t\t\t<div class=\"elementor-element elementor-element-2ad1b51 elementor-widget elementor-widget-text-editor\" data-id=\"2ad1b51\" data-element_type=\"widget\" data-widget_type=\"text-editor.default\">\n\t\t\t\t\t\t\t\t\t<p>Bitte w\u00e4hrend der Durchf\u00fchrung des Mental Load-Tests <strong>nicht<\/strong> die Browser-Funktion <em>Eine Seite zur\u00fcck<\/em> nutzen. Stattdessen kannst Du die Navigationselemente, die im Test angezeigt werden, benutzen.<\/p>\t\t\t\t\t\t\t\t<\/div>\n\t\t\t\t\t<\/div>\n\t\t<\/div>\n\t\t\t\t\t<\/div>\n\t\t<\/section>\n\t\t\t\t<\/div>\n\t\t","protected":false},"excerpt":{"rendered":"<p>Test sofort starten Kurze Anleitung zum Mental Load-Test W\u00e4hle zun\u00e4chst die f\u00fcr deine Lebenssituation passenden Bereiche aus. Der erste Abschnitt ist f\u00fcr alle Paare und Sorgegemeinschaften, egal ob sie Kinder oder Angeh\u00f6rige mit Pflegebedarf haben oder nicht. Hast du Kinder, nimmst du den zweiten Abschnitt dazu. Wenn du dar\u00fcber hinaus Angeh\u00f6rige pflegst, w\u00e4hle bitte zus\u00e4tz\u00adlich&hellip;&nbsp;<a href=\"https:\/\/dmlt.beisonja.de\/?page_id=139\" rel=\"bookmark\">Weiterlesen &raquo;<span class=\"screen-reader-text\">@home &#8211; DE<\/span><\/a><\/p>\n","protected":false},"author":2,"featured_media":0,"parent":0,"menu_order":0,"comment_status":"closed","ping_status":"closed","template":"elementor_canvas","meta":{"neve_meta_sidebar":"","neve_meta_container":"","neve_meta_enable_content_width":"","neve_meta_content_width":0,"neve_meta_title_alignment":"","neve_meta_author_avatar":"","neve_post_elements_order":"","neve_meta_disable_header":"","neve_meta_disable_footer":"","neve_meta_disable_title":"","footnotes":""},"class_list":["post-139","page","type-page","status-publish","hentry"],"_links":{"self":[{"href":"https:\/\/dmlt.beisonja.de\/index.php?rest_route=\/wp\/v2\/pages\/139","targetHints":{"allow":["GET"]}}],"collection":[{"href":"https:\/\/dmlt.beisonja.de\/index.php?rest_route=\/wp\/v2\/pages"}],"about":[{"href":"https:\/\/dmlt.beisonja.de\/index.php?rest_route=\/wp\/v2\/types\/page"}],"author":[{"embeddable":true,"href":"https:\/\/dmlt.beisonja.de\/index.php?rest_route=\/wp\/v2\/users\/2"}],"replies":[{"embeddable":true,"href":"https:\/\/dmlt.beisonja.de\/index.php?rest_route=%2Fwp%2Fv2%2Fcomments&post=139"}],"version-history":[{"count":143,"href":"https:\/\/dmlt.beisonja.de\/index.php?rest_route=\/wp\/v2\/pages\/139\/revisions"}],"predecessor-version":[{"id":911,"href":"https:\/\/dmlt.beisonja.de\/index.php?rest_route=\/wp\/v2\/pages\/139\/revisions\/911"}],"wp:attachment":[{"href":"https:\/\/dmlt.beisonja.de\/index.php?rest_route=%2Fwp%2Fv2%2Fmedia&parent=139"}],"curies":[{"name":"wp","href":"https:\/\/api.w.org\/{rel}","templated":true}]}}